{"id":4006,"date":"2023-07-24T17:00:41","date_gmt":"2023-07-24T15:00:41","guid":{"rendered":"https:\/\/www.frohsinn-pudel.de\/?page_id=4006"},"modified":"2023-08-03T16:05:16","modified_gmt":"2023-08-03T14:05:16","slug":"julchen","status":"publish","type":"page","link":"https:\/\/www.frohsinn-pudel.de\/?page_id=4006","title":{"rendered":"Julchen"},"content":{"rendered":"<p>Julchen wurde im Juli 2021 geboren und lebt seit dem darauffolgenden Oktober bei uns. Mit ihren 52cm ist sie ein gro\u00dfer Mittelpudel, wiegt aber trotzdem nur 14kg. Da sp\u00fcrt man beim Hochheben den Vorteil der Pudel: Sie sind sehr leicht gebaut.<br \/>\nJulchen ist sehr aufmerksam und sensibel, entsprechend leicht beim Spaziergang zu f\u00fchren. Wenn sie Zuwendung erh\u00e4lt, ist sie unglaublich fokussiert und vergi\u00dft dann alles um sich herum, um &#8218;Aufgaben&#8216; zu erledigen.\u00a0 Sie kann auch richtig \u201aaufrehen\u2018, vor allem, wenn sie zusammen mit Camilla \u00fcber die Wiesen rennen darf. Trotz ihrer Gr\u00f6\u00dfe pa\u00dft sie noch auf jeden Scho\u00df, wenn es um\u2019s Schmusen geht: Immer wieder faszinierend, wie klein sich so ein Hund falten kann. Wenn es nicht anders geht, sucht sie den Kontakt aber auch in stabiler R\u00fcckenlage: <a href=\"https:\/\/www.frohsinn-pudel.de\/?p=3789\">https:\/\/www.frohsinn-pudel.de\/?p=3789<\/a> \ud83d\ude42<br \/>\nJulchen hat alle Zuchtuntersuchungen erfolgreich absolviert. Auch in der Schule hatte sie schon mehrere Eins\u00e4tze und sich dort als lernwillig und geduldig erwiesen: Sie hat das Potential zu einem wunderbaren Schulhund.<\/p>\n<p><a href=\"https:\/\/www.frohsinn-pudel.de\/wp-content\/uploads\/2023\/08\/AX8A0676-1.jpg\"><img loading=\"lazy\" decoding=\"async\" class=\"alignnone size-medium wp-image-4054\" src=\"https:\/\/www.frohsinn-pudel.de\/wp-content\/uploads\/2023\/08\/AX8A0676-1-200x300.jpg\" alt=\"\" width=\"200\" height=\"300\" srcset=\"https:\/\/www.frohsinn-pudel.de\/wp-content\/uploads\/2023\/08\/AX8A0676-1-200x300.jpg 200w, https:\/\/www.frohsinn-pudel.de\/wp-content\/uploads\/2023\/08\/AX8A0676-1-683x1024.jpg 683w, https:\/\/www.frohsinn-pudel.de\/wp-content\/uploads\/2023\/08\/AX8A0676-1-768x1152.jpg 768w, https:\/\/www.frohsinn-pudel.de\/wp-content\/uploads\/2023\/08\/AX8A0676-1-1024x1536.jpg 1024w, https:\/\/www.frohsinn-pudel.de\/wp-content\/uploads\/2023\/08\/AX8A0676-1.jpg 1280w\" sizes=\"auto, (max-width: 200px) 100vw, 200px\" \/><\/a><\/p>\n<p><a href=\"https:\/\/www.frohsinn-pudel.de\/wp-content\/uploads\/2023\/08\/AX8A0678.jpg\"><img loading=\"lazy\" decoding=\"async\" class=\"alignnone size-medium wp-image-4055\" src=\"https:\/\/www.frohsinn-pudel.de\/wp-content\/uploads\/2023\/08\/AX8A0678-200x300.jpg\" alt=\"\" width=\"200\" height=\"300\" srcset=\"https:\/\/www.frohsinn-pudel.de\/wp-content\/uploads\/2023\/08\/AX8A0678-200x300.jpg 200w, https:\/\/www.frohsinn-pudel.de\/wp-content\/uploads\/2023\/08\/AX8A0678-683x1024.jpg 683w, https:\/\/www.frohsinn-pudel.de\/wp-content\/uploads\/2023\/08\/AX8A0678-768x1152.jpg 768w, https:\/\/www.frohsinn-pudel.de\/wp-content\/uploads\/2023\/08\/AX8A0678-1024x1536.jpg 1024w, https:\/\/www.frohsinn-pudel.de\/wp-content\/uploads\/2023\/08\/AX8A0678.jpg 1280w\" sizes=\"auto, (max-width: 200px) 100vw, 200px\" \/><\/a><\/p>\n<p><a href=\"https:\/\/www.frohsinn-pudel.de\/wp-content\/uploads\/2023\/07\/AX8A0735.jpg\"><img loading=\"lazy\" decoding=\"async\" class=\"alignnone size-medium wp-image-4039\" src=\"https:\/\/www.frohsinn-pudel.de\/wp-content\/uploads\/2023\/07\/AX8A0735-300x200.jpg\" alt=\"\" width=\"300\" height=\"200\" srcset=\"https:\/\/www.frohsinn-pudel.de\/wp-content\/uploads\/2023\/07\/AX8A0735-300x200.jpg 300w, https:\/\/www.frohsinn-pudel.de\/wp-content\/uploads\/2023\/07\/AX8A0735-1024x683.jpg 1024w, https:\/\/www.frohsinn-pudel.de\/wp-content\/uploads\/2023\/07\/AX8A0735-768x512.jpg 768w, https:\/\/www.frohsinn-pudel.de\/wp-content\/uploads\/2023\/07\/AX8A0735-1536x1024.jpg 1536w, https:\/\/www.frohsinn-pudel.de\/wp-content\/uploads\/2023\/07\/AX8A0735.jpg 1920w\" sizes=\"auto, (max-width: 300px) 100vw, 300px\" \/><\/a><\/p>\n<p><a href=\"https:\/\/www.frohsinn-pudel.de\/wp-content\/uploads\/2023\/08\/AX8A0760-1.jpg\"><img loading=\"lazy\" decoding=\"async\" class=\"alignnone size-medium wp-image-4052\" src=\"https:\/\/www.frohsinn-pudel.de\/wp-content\/uploads\/2023\/08\/AX8A0760-1-300x200.jpg\" alt=\"\" width=\"300\" height=\"200\" srcset=\"https:\/\/www.frohsinn-pudel.de\/wp-content\/uploads\/2023\/08\/AX8A0760-1-300x200.jpg 300w, https:\/\/www.frohsinn-pudel.de\/wp-content\/uploads\/2023\/08\/AX8A0760-1-1024x683.jpg 1024w, https:\/\/www.frohsinn-pudel.de\/wp-content\/uploads\/2023\/08\/AX8A0760-1-768x512.jpg 768w, https:\/\/www.frohsinn-pudel.de\/wp-content\/uploads\/2023\/08\/AX8A0760-1-1536x1024.jpg 1536w, https:\/\/www.frohsinn-pudel.de\/wp-content\/uploads\/2023\/08\/AX8A0760-1.jpg 1920w\" sizes=\"auto, (max-width: 300px) 100vw, 300px\" \/><\/a><\/p>\n","protected":false},"excerpt":{"rendered":"<p>Julchen wurde im Juli 2021 geboren und lebt seit dem darauffolgenden Oktober bei uns. Mit ihren 52cm ist sie ein [&hellip;]<\/p>\n","protected":false},"author":2,"featured_media":0,"parent":72,"menu_order":0,"comment_status":"closed","ping_status":"closed","template":"","meta":{"footnotes":""},"class_list":["post-4006","page","type-page","status-publish","hentry"],"_links":{"self":[{"href":"https:\/\/www.frohsinn-pudel.de\/index.php?rest_route=\/wp\/v2\/pages\/4006","targetHints":{"allow":["GET"]}}],"collection":[{"href":"https:\/\/www.frohsinn-pudel.de\/index.php?rest_route=\/wp\/v2\/pages"}],"about":[{"href":"https:\/\/www.frohsinn-pudel.de\/index.php?rest_route=\/wp\/v2\/types\/page"}],"author":[{"embeddable":true,"href":"https:\/\/www.frohsinn-pudel.de\/index.php?rest_route=\/wp\/v2\/users\/2"}],"replies":[{"embeddable":true,"href":"https:\/\/www.frohsinn-pudel.de\/index.php?rest_route=%2Fwp%2Fv2%2Fcomments&post=4006"}],"version-history":[{"count":7,"href":"https:\/\/www.frohsinn-pudel.de\/index.php?rest_route=\/wp\/v2\/pages\/4006\/revisions"}],"predecessor-version":[{"id":4056,"href":"https:\/\/www.frohsinn-pudel.de\/index.php?rest_route=\/wp\/v2\/pages\/4006\/revisions\/4056"}],"up":[{"embeddable":true,"href":"https:\/\/www.frohsinn-pudel.de\/index.php?rest_route=\/wp\/v2\/pages\/72"}],"wp:attachment":[{"href":"https:\/\/www.frohsinn-pudel.de\/index.php?rest_route=%2Fwp%2Fv2%2Fmedia&parent=4006"}],"curies":[{"name":"wp","href":"https:\/\/api.w.org\/{rel}","templated":true}]}}